{"id":1486,"date":"2023-02-15T21:08:41","date_gmt":"2023-02-15T21:08:41","guid":{"rendered":"https:\/\/alevinteriors.com\/newpage\/?page_id=1486"},"modified":"2023-03-15T14:31:30","modified_gmt":"2023-03-15T14:31:30","slug":"politica-de-cookies","status":"publish","type":"page","link":"https:\/\/alevinteriors.com\/?page_id=1486","title":{"rendered":"Politica de cookies"},"content":{"rendered":"\n<p><strong>Politica de cookie-uri<\/strong><\/p>\n\n\n\n<p>Acest website folose\u0219te at\u00e2t cookie-uri proprii, c\u00e2t \u0219i de la ter\u021bi, pentru a furniza vizitatorilor o experien\u021b\u0103 mult mai bun\u0103 de navigare \u0219i servicii adaptate nevoilor \u0219i interesului fiec\u0103ruia.<\/p>\n\n\n\n<p><strong>1. Introducere:<\/strong><\/p>\n\n\n\n<p>\u00cen conformitate cu Regulamentul&nbsp;(UE) nr. 679 din 27 aprilie 2016 privind protec\u0163ia persoanelor fizice \u00een ceea ce prive\u015fte prelucrarea datelor cu caracter personal \u015fi privind libera circula\u0163ie a acestor date \u015fi de abrogare a Directivei 95\/46\/CE (denumit \u00een continuareGDPR), \u00een sectorul comunica\u021biilor electronice, tuturor vizitatorilor website-ului li se cere consim\u021b\u0103m\u00e2ntul \u00eenaintea transmiterii de cookies \u00een computerele acestora.<\/p>\n\n\n\n<p><strong>2. Ce se \u00een\u021belege prin cookie-uri?<\/strong><\/p>\n\n\n\n<p>Termenul \u201d cookie \u201d se refer\u0103 la modulele cookie \u0219i la tehnologiile similare prin intermediul c\u0103rora pot fi colectate informa\u021bii \u00een mod automat.<\/p>\n\n\n\n<p>Un \u201d Internet Cookie \u201d (termen cunoscut \u0219i sub denumirea de \u201dbrowser cookie\u201d sau \u201dHTTP cookie\u201d ori \u201dcookie\u201d) reprezint\u0103 un fi\u0219ier de mici dimensiuni, format din litere \u0219i numere, care va fi stocat pe computerul, terminalul mobil sau pe alte echipamente ale unui utilizator prin intermediul c\u0103rora se acceseaz\u0103 internetul.<\/p>\n\n\n\n<p>Cookie-urile sunt instalate prin solicitarea emis\u0103 de un web-server c\u0103tre un browser (de ex.: Internet Explorer, Firefox, Chrome). Cookie-urile odat\u0103 instalate au o durat\u0103 de existen\u021b\u0103 determinat\u0103, r\u0103m\u00e2n\u00e2nd \u201dpasive\u201d, \u00een sensul c\u0103 nu con\u021bin programe software, viru\u0219i sau spyware \u0219i nu vor accesa informa\u021biile de pe hard driverul utilizatorului pe al c\u0103rui echipament au fost instalate.<\/p>\n\n\n\n<p>Un cookie este format din dou\u0103 p\u0103r\u021bi:<\/p>\n\n\n\n<p>&#8211; numele cookie-ului ;<\/p>\n\n\n\n<p>&#8211; con\u021binutul sau valoarea cookie-ului ;<\/p>\n\n\n\n<p>Din punct de vedere tehnic, doar web-serverul care a trimis cookie-ul \u00eel poate accesa din nou \u00een momentul \u00een care un utilizator se \u00eentoarce pe pagina de internet asociat\u0103 web-serverului respectiv.<\/p>\n\n\n\n<p>Cookie-ul este salvat de un site \u00een calculatorul sau dispozitivul Dvs. atunci c\u00e2nd \u00eel vizita\u021bi, iar datorit\u0103 acestuia, site-ul re\u021bine, pentru o perioad\u0103 de timp, ac\u021biunile \u015fi preferin\u021bele Dvs. (login, limb\u0103, dimensiunea caracterelor \u0219i alte preferin\u021be de afi\u0219are). Astfel nu mai trebuie s\u0103 le reintroduce\u021bi ori de c\u00e2te ori reveni\u021bi la site sau naviga\u021bi de pe o pagin\u0103 pe alta.<\/p>\n\n\n\n<p><strong>3. Cum se folosesc cookie-urile?<\/strong><\/p>\n\n\n\n<p>Domeniul https:\/\/www.alevinteriors.com \u0219i webshop-ul aferent nu utilizeaz\u0103 module cookie pentru a culege, a prelucra, a difuza sau a \u00eenregistra date cu caracter personal.<\/p>\n\n\n\n<p>Tipurile de cookie-uri&nbsp;folosite:<\/p>\n\n\n\n<p>&#8211; cookie-uri necesare&nbsp;&#8211; fac ca site-ul s\u0103 fie func\u021bional, asigur\u00e2nd func\u021bionalit\u0103\u021bi de baz\u0103 cum ar fi navigarea pe paginile site-ului \u0219i accesul la zone securizate ale site-ului, f\u0103r\u0103 care website-ul nu poate func\u021biona corect ;<\/p>\n\n\n\n<p>&#8211; cookie-uri de statistici &#8211; ajut\u0103 s\u0103 \u00een\u021belegem cum interac\u021bioneaz\u0103 vizitatorii cu website-ul prin colectarea \u0219i raportarea informa\u021biilor \u00een mod anonim ;<\/p>\n\n\n\n<p>&#8211; cookie-uri pentru marketing &#8211; folosite pentru urm\u0103rirea vizitatorilor \u00een navigarea lor pe website-uri, pentru a oferi anun\u021buri care sunt relevante \u0219i atractive pentru fiecare vizitator \u00een parte ;<\/p>\n\n\n\n<p><strong>4. Ce sunt cookie-urile plasate de ter\u021bi?<\/strong><\/p>\n\n\n\n<p>Anumite sec\u021biuni de con\u021binut de pe site pot fi furnizate prin intermediul unor ter\u021be p\u0103r\u021bi.<\/p>\n\n\n\n<p>Aceste ter\u021be p\u0103r\u021bi pot plasa cookie-uri prin intermediul altui website \u0219i ele se numesc &#8220;third party cookies&#8221; pentru c\u0103 nu sunt plasate de proprietarul website-ului respectiv.<\/p>\n\n\n\n<p>Furnizorii ter\u021bi trebuie s\u0103 respecte de asemenea legea \u00een vigoare \u0219i politicile de confiden\u021bialitate ale de\u021bin\u0103torului site-ului.<\/p>\n\n\n\n<p><strong>5. Care este durata de via\u0163\u0103 a unui cookie?<\/strong><\/p>\n\n\n\n<p>Cookie-urile sunt administrate de webservere. Durata de via\u021b\u0103 a unui cookie poate varia semnificativ, depinz\u00e2nd de scopul pentru care este plasat. Unele cookie-uri sunt folosite exclusiv pentru o singur\u0103 sesiune (session cookies) \u0219i nu mai sunt re\u021binute, odat\u0103 ce utilizatorul a p\u0103r\u0103sit website-ul, \u00een timp ce alte cookie-uri sunt re\u021binute \u0219i refolosite de fiecare dat\u0103 c\u00e2nd utilizatorul revine pe acel website (&#8216;cookie-uri persistente&#8217;). Cu toate acestea, cookie-urile pot fi \u0219terse de un utilizator \u00een orice moment prin intermediul set\u0103rilor browser-ului.<\/p>\n\n\n\n<p><strong>6. Cum pute\u021bi controla cookie-urile?<\/strong><\/p>\n\n\n\n<p>Pute\u021bi controla \u0219i\/sau \u0219terge cookie-urile dup\u0103 cum dori\u021bi &#8211; pentru detalii, consulta\u021bi site-ul aboutcookies.org. Pute\u021bi \u0219terge toate cookie-urile din calculatorul Dvs. \u0219i pute\u021bi seta majoritatea browser-elor s\u0103 blocheze plasarea acestora.<\/p>\n\n\n\n<p>Dac\u0103 face\u021bi acest lucru, este posibil s\u0103 fi\u021bi nevoit s\u0103 seta\u021bi manual unele preferin\u021be, de fiecare dat\u0103 c\u00e2nd vizita\u021bi site-ul. De asemenea, s-ar putea ca unele servicii sau op\u021biuni s\u0103 nu func\u021bioneze.<\/p>\n\n\n\n<p>Link-uri utile&nbsp;pentru controlul cookie-urile in func\u021bie de browser-ul pe care \u00eel folosi\u021bi:<\/p>\n\n\n\n<p>&#8211; Internet Explorer &#8211;<\/p>\n\n\n\n<figure class=\"wp-block-embed\"><div class=\"wp-block-embed__wrapper\">\nhttps:\/\/support.microsoft.com\/en-us\/help\/17442\/windows-internet-explorer-delete-manage-cookies\n<\/div><\/figure>\n\n\n\n<p>&#8211; Firefox &#8211;<\/p>\n\n\n\n<figure class=\"wp-block-embed\"><div class=\"wp-block-embed__wrapper\">\nhttps:\/\/support.mozilla.org\/en-US\/kb\/enable-and-disable-cookies-website-preferences\n<\/div><\/figure>\n\n\n\n<p>&#8211; Chrome &#8211;<\/p>\n\n\n\n<p><a href=\"https:\/\/support.google.com\/chrome\/answer\/95647?co=GENIE.Platform%3DAndroid&amp;hl=en\" target=\"_blank\" rel=\"noreferrer noopener\">https:\/\/support.google.com\/chrome\/answer\/95647?co=GENIE.Platform%3DAndroid&amp;hl=en<\/a><br>&#8211; Opera &#8211;<\/p>\n\n\n\n<p><a href=\"https:\/\/help.opera.com\/en\/how-to-clear-browser-cache-history-cookies\/\" target=\"_blank\" rel=\"noreferrer noopener\">https:\/\/help.opera.com\/en\/how-to-clear-browser-cache-history-cookies\/<\/a><br><br><strong>7. Ce cookie-uri sunt folosite prin intermediul paginii noastre de internet ?<\/strong><\/p>\n\n\n\n<p>Prin utilizarea\/vizitarea paginii de internet https:\/\/www.alevinteriors.com \u0219i a webshop-ului aferent pot fi plasate urm\u0103toarele cookie-uri:<\/p>\n\n\n\n<p>a) Cookie-uri de performan\u021b\u0103 &#8211; prin care sunt memorate preferin\u021bele utilizatorului acestei pagini de internet, astfel \u00eenc\u00e2t setarea din nou a preferin\u021belor \u00een cazul vizit\u0103rii ulterioare a paginii de internet nu mai este necesar\u0103 ;<\/p>\n\n\n\n<p>b) Cookie-uri de analiz\u0103 a utilizatorilor &#8211; prin care suntem informa\u021bi dac\u0103 un anumit utilizator al paginii de internet a mai vizitat\/utilizat pagina noastr\u0103 anterior (sunt utilizate doar \u00een scopuri statistice) ;<\/p>\n\n\n\n<p>c) Cookie-uri pentru geotargetting &#8211; utilizate de c\u0103tre un soft care stabile\u0219te \u021bara de provenien\u021b\u0103 a utilizatorului paginii de internet ;<\/p>\n\n\n\n<p>d) Cookie-uri pentru \u00eenregistrare &#8211; generate \u00een momentul \u00eenregistr\u0103rii pe site, care memoreaz\u0103 acest demers \u0219i sunt utilizate de servere pentru a ne ar\u0103ta contul cu care sunte\u021bi \u00eenregistrat, permi\u021b\u00e2ndu-ne totodat\u0103 asocierea oric\u0103rui comentariu postat pe pagina de internet cu username-ul contului folosit ;<\/p>\n","protected":false},"excerpt":{"rendered":"<p>Politica de cookie-uri Acest website folose\u0219te at\u00e2t cookie-uri proprii, c\u00e2t \u0219i de la ter\u021bi, pentru a furniza vizitatorilor o experien\u021b\u0103 mult mai bun\u0103 de navigare \u0219i servicii adaptate nevoilor \u0219i interesului fiec\u0103ruia. 1. Introducere: \u00cen conformitate cu Regulamentul&nbsp;(UE) nr. 679 din 27 aprilie 2016 privind protec\u0163ia persoanelor fizice \u00een ceea ce prive\u015fte prelucrarea datelor cu [&hellip;]<\/p>\n","protected":false},"author":2,"featured_media":0,"parent":0,"menu_order":0,"comment_status":"closed","ping_status":"closed","template":"","meta":{"site-sidebar-layout":"default","site-content-layout":"","ast-site-content-layout":"default","site-content-style":"default","site-sidebar-style":"default","ast-global-header-display":"","ast-banner-title-visibility":"","ast-main-header-display":"","ast-hfb-above-header-display":"","ast-hfb-below-header-display":"","ast-hfb-mobile-header-display":"","site-post-title":"","ast-breadcrumbs-content":"","ast-featured-img":"","footer-sml-layout":"","ast-disable-related-posts":"","theme-transparent-header-meta":"","adv-header-id-meta":"","stick-header-meta":"","header-above-stick-meta":"","header-main-stick-meta":"","header-below-stick-meta":"","astra-migrate-meta-layouts":"default","ast-page-background-enabled":"default","ast-page-background-meta":{"desktop":{"background-color":"","background-image":"","background-repeat":"repeat","background-position":"center center","background-size":"auto","background-attachment":"scroll","background-type":"","background-media":"","overlay-type":"","overlay-color":"","overlay-opacity":"","overlay-gradient":""},"tablet":{"background-color":"","background-image":"","background-repeat":"repeat","background-position":"center center","background-size":"auto","background-attachment":"scroll","background-type":"","background-media":"","overlay-type":"","overlay-color":"","overlay-opacity":"","overlay-gradient":""},"mobile":{"background-color":"","background-image":"","background-repeat":"repeat","background-position":"center center","background-size":"auto","background-attachment":"scroll","background-type":"","background-media":"","overlay-type":"","overlay-color":"","overlay-opacity":"","overlay-gradient":""}},"ast-content-background-meta":{"desktop":{"background-color":"var(--ast-global-color-5)","background-image":"","background-repeat":"repeat","background-position":"center center","background-size":"auto","background-attachment":"scroll","background-type":"","background-media":"","overlay-type":"","overlay-color":"","overlay-opacity":"","overlay-gradient":""},"tablet":{"background-color":"var(--ast-global-color-5)","background-image":"","background-repeat":"repeat","background-position":"center center","background-size":"auto","background-attachment":"scroll","background-type":"","background-media":"","overlay-type":"","overlay-color":"","overlay-opacity":"","overlay-gradient":""},"mobile":{"background-color":"var(--ast-global-color-5)","background-image":"","background-repeat":"repeat","background-position":"center center","background-size":"auto","background-attachment":"scroll","background-type":"","background-media":"","overlay-type":"","overlay-color":"","overlay-opacity":"","overlay-gradient":""}}},"yoast_head":"<!-- This site is optimized with the Yoast SEO plugin v20.11 - https:\/\/yoast.com\/wordpress\/plugins\/seo\/ -->\n<title>Politica de cookies - AlevInteriors<\/title>\n<meta name=\"robots\" content=\"index, follow, max-snippet:-1, max-image-preview:large, max-video-preview:-1\" \/>\n<link rel=\"canonical\" href=\"https:\/\/alevinteriors.com\/?page_id=1486\" \/>\n<meta property=\"og:locale\" content=\"en_US\" \/>\n<meta property=\"og:type\" content=\"article\" \/>\n<meta property=\"og:title\" content=\"Politica de cookies - AlevInteriors\" \/>\n<meta property=\"og:description\" content=\"Politica de cookie-uri Acest website folose\u0219te at\u00e2t cookie-uri proprii, c\u00e2t \u0219i de la ter\u021bi, pentru a furniza vizitatorilor o experien\u021b\u0103 mult mai bun\u0103 de navigare \u0219i servicii adaptate nevoilor \u0219i interesului fiec\u0103ruia. 1. Introducere: \u00cen conformitate cu Regulamentul&nbsp;(UE) nr. 679 din 27 aprilie 2016 privind protec\u0163ia persoanelor fizice \u00een ceea ce prive\u015fte prelucrarea datelor cu [&hellip;]\" \/>\n<meta property=\"og:url\" content=\"https:\/\/alevinteriors.com\/?page_id=1486\" \/>\n<meta property=\"og:site_name\" content=\"AlevInteriors\" \/>\n<meta property=\"article:modified_time\" content=\"2023-03-15T14:31:30+00:00\" \/>\n<meta name=\"twitter:card\" content=\"summary_large_image\" \/>\n<meta name=\"twitter:label1\" content=\"Est. reading time\" \/>\n\t<meta name=\"twitter:data1\" content=\"4 minutes\" \/>\n<script type=\"application\/ld+json\" class=\"yoast-schema-graph\">{\"@context\":\"https:\/\/schema.org\",\"@graph\":[{\"@type\":\"WebPage\",\"@id\":\"https:\/\/alevinteriors.com\/?page_id=1486\",\"url\":\"https:\/\/alevinteriors.com\/?page_id=1486\",\"name\":\"Politica de cookies - AlevInteriors\",\"isPartOf\":{\"@id\":\"https:\/\/alevinteriors.com\/#website\"},\"datePublished\":\"2023-02-15T21:08:41+00:00\",\"dateModified\":\"2023-03-15T14:31:30+00:00\",\"breadcrumb\":{\"@id\":\"https:\/\/alevinteriors.com\/?page_id=1486#breadcrumb\"},\"inLanguage\":\"en-US\",\"potentialAction\":[{\"@type\":\"ReadAction\",\"target\":[\"https:\/\/alevinteriors.com\/?page_id=1486\"]}]},{\"@type\":\"BreadcrumbList\",\"@id\":\"https:\/\/alevinteriors.com\/?page_id=1486#breadcrumb\",\"itemListElement\":[{\"@type\":\"ListItem\",\"position\":1,\"name\":\"Home\",\"item\":\"https:\/\/alevinteriors.com\/\"},{\"@type\":\"ListItem\",\"position\":2,\"name\":\"Politica de cookies\"}]},{\"@type\":\"WebSite\",\"@id\":\"https:\/\/alevinteriors.com\/#website\",\"url\":\"https:\/\/alevinteriors.com\/\",\"name\":\"AlevInteriors\",\"description\":\"\",\"publisher\":{\"@id\":\"https:\/\/alevinteriors.com\/#organization\"},\"potentialAction\":[{\"@type\":\"SearchAction\",\"target\":{\"@type\":\"EntryPoint\",\"urlTemplate\":\"https:\/\/alevinteriors.com\/?s={search_term_string}\"},\"query-input\":\"required name=search_term_string\"}],\"inLanguage\":\"en-US\"},{\"@type\":\"Organization\",\"@id\":\"https:\/\/alevinteriors.com\/#organization\",\"name\":\"AlevInteriors\",\"url\":\"https:\/\/alevinteriors.com\/\",\"logo\":{\"@type\":\"ImageObject\",\"inLanguage\":\"en-US\",\"@id\":\"https:\/\/alevinteriors.com\/#\/schema\/logo\/image\/\",\"url\":\"https:\/\/alevinteriors.com\/wp-content\/uploads\/2023\/01\/alev-logo-R.png\",\"contentUrl\":\"https:\/\/alevinteriors.com\/wp-content\/uploads\/2023\/01\/alev-logo-R.png\",\"width\":826,\"height\":590,\"caption\":\"AlevInteriors\"},\"image\":{\"@id\":\"https:\/\/alevinteriors.com\/#\/schema\/logo\/image\/\"}}]}<\/script>\n<!-- \/ Yoast SEO plugin. -->","yoast_head_json":{"title":"Politica de cookies - AlevInteriors","robots":{"index":"index","follow":"follow","max-snippet":"max-snippet:-1","max-image-preview":"max-image-preview:large","max-video-preview":"max-video-preview:-1"},"canonical":"https:\/\/alevinteriors.com\/?page_id=1486","og_locale":"en_US","og_type":"article","og_title":"Politica de cookies - AlevInteriors","og_description":"Politica de cookie-uri Acest website folose\u0219te at\u00e2t cookie-uri proprii, c\u00e2t \u0219i de la ter\u021bi, pentru a furniza vizitatorilor o experien\u021b\u0103 mult mai bun\u0103 de navigare \u0219i servicii adaptate nevoilor \u0219i interesului fiec\u0103ruia. 1. Introducere: \u00cen conformitate cu Regulamentul&nbsp;(UE) nr. 679 din 27 aprilie 2016 privind protec\u0163ia persoanelor fizice \u00een ceea ce prive\u015fte prelucrarea datelor cu [&hellip;]","og_url":"https:\/\/alevinteriors.com\/?page_id=1486","og_site_name":"AlevInteriors","article_modified_time":"2023-03-15T14:31:30+00:00","twitter_card":"summary_large_image","twitter_misc":{"Est. reading time":"4 minutes"},"schema":{"@context":"https:\/\/schema.org","@graph":[{"@type":"WebPage","@id":"https:\/\/alevinteriors.com\/?page_id=1486","url":"https:\/\/alevinteriors.com\/?page_id=1486","name":"Politica de cookies - AlevInteriors","isPartOf":{"@id":"https:\/\/alevinteriors.com\/#website"},"datePublished":"2023-02-15T21:08:41+00:00","dateModified":"2023-03-15T14:31:30+00:00","breadcrumb":{"@id":"https:\/\/alevinteriors.com\/?page_id=1486#breadcrumb"},"inLanguage":"en-US","potentialAction":[{"@type":"ReadAction","target":["https:\/\/alevinteriors.com\/?page_id=1486"]}]},{"@type":"BreadcrumbList","@id":"https:\/\/alevinteriors.com\/?page_id=1486#breadcrumb","itemListElement":[{"@type":"ListItem","position":1,"name":"Home","item":"https:\/\/alevinteriors.com\/"},{"@type":"ListItem","position":2,"name":"Politica de cookies"}]},{"@type":"WebSite","@id":"https:\/\/alevinteriors.com\/#website","url":"https:\/\/alevinteriors.com\/","name":"AlevInteriors","description":"","publisher":{"@id":"https:\/\/alevinteriors.com\/#organization"},"potentialAction":[{"@type":"SearchAction","target":{"@type":"EntryPoint","urlTemplate":"https:\/\/alevinteriors.com\/?s={search_term_string}"},"query-input":"required name=search_term_string"}],"inLanguage":"en-US"},{"@type":"Organization","@id":"https:\/\/alevinteriors.com\/#organization","name":"AlevInteriors","url":"https:\/\/alevinteriors.com\/","logo":{"@type":"ImageObject","inLanguage":"en-US","@id":"https:\/\/alevinteriors.com\/#\/schema\/logo\/image\/","url":"https:\/\/alevinteriors.com\/wp-content\/uploads\/2023\/01\/alev-logo-R.png","contentUrl":"https:\/\/alevinteriors.com\/wp-content\/uploads\/2023\/01\/alev-logo-R.png","width":826,"height":590,"caption":"AlevInteriors"},"image":{"@id":"https:\/\/alevinteriors.com\/#\/schema\/logo\/image\/"}}]}},"_links":{"self":[{"href":"https:\/\/alevinteriors.com\/index.php?rest_route=\/wp\/v2\/pages\/1486"}],"collection":[{"href":"https:\/\/alevinteriors.com\/index.php?rest_route=\/wp\/v2\/pages"}],"about":[{"href":"https:\/\/alevinteriors.com\/index.php?rest_route=\/wp\/v2\/types\/page"}],"author":[{"embeddable":true,"href":"https:\/\/alevinteriors.com\/index.php?rest_route=\/wp\/v2\/users\/2"}],"replies":[{"embeddable":true,"href":"https:\/\/alevinteriors.com\/index.php?rest_route=%2Fwp%2Fv2%2Fcomments&post=1486"}],"version-history":[{"count":2,"href":"https:\/\/alevinteriors.com\/index.php?rest_route=\/wp\/v2\/pages\/1486\/revisions"}],"predecessor-version":[{"id":1585,"href":"https:\/\/alevinteriors.com\/index.php?rest_route=\/wp\/v2\/pages\/1486\/revisions\/1585"}],"wp:attachment":[{"href":"https:\/\/alevinteriors.com\/index.php?rest_route=%2Fwp%2Fv2%2Fmedia&parent=1486"}],"curies":[{"name":"wp","href":"https:\/\/api.w.org\/{rel}","templated":true}]}}